{"id":739,"date":"2025-10-22T07:32:38","date_gmt":"2025-10-22T07:32:38","guid":{"rendered":"https:\/\/almagromotos.com\/?page_id=739"},"modified":"2025-10-22T07:37:50","modified_gmt":"2025-10-22T07:37:50","slug":"yamaha-mt09-sp","status":"publish","type":"page","link":"https:\/\/almagromotos.com\/eu\/yamaha-mt09-sp\/","title":{"rendered":"YAMAHA MT09 SP"},"content":{"rendered":"<div data-elementor-type=\"wp-page\" data-elementor-id=\"739\" class=\"elementor elementor-739\" data-elementor-post-type=\"page\">\n\t\t\t\t\t\t<section class=\"elementor-section elementor-top-section elementor-element elementor-element-142ac85d elementor-section-boxed elementor-section-height-default elementor-section-height-default\" data-id=\"142ac85d\" data-element_type=\"section\" data-settings=\"{&quot;background_background&quot;:&quot;classic&quot;,&quot;shape_divider_bottom&quot;:&quot;opacity-tilt&quot;}\">\n\t\t\t\t\t\t\t<div class=\"elementor-background-overlay\"><\/div>\n\t\t\t\t\t\t<div class=\"elementor-shape elementor-shape-bottom\" data-negative=\"false\">\n\t\t\t<svg xmlns=\"http:\/\/www.w3.org\/2000\/svg\" viewbox=\"0 0 2600 131.1\" preserveaspectratio=\"none\">\n\t<path class=\"elementor-shape-fill\" d=\"M0 0L2600 0 2600 69.1 0 0z\"\/>\n\t<path class=\"elementor-shape-fill\" style=\"opacity:0.5\" d=\"M0 0L2600 0 2600 69.1 0 69.1z\"\/>\n\t<path class=\"elementor-shape-fill\" style=\"opacity:0.25\" d=\"M2600 0L0 0 0 130.1 2600 69.1z\"\/>\n<\/svg>\t\t<\/div>\n\t\t\t\t\t<div class=\"elementor-container elementor-column-gap-default\">\n\t\t\t\t\t<div class=\"elementor-column elementor-col-100 elementor-top-column elementor-element elementor-element-217c4aba\" data-id=\"217c4aba\" data-element_type=\"column\">\n\t\t\t<div class=\"elementor-widget-wrap elementor-element-populated\">\n\t\t\t\t\t\t<div class=\"elementor-element elementor-element-16d8f6b elementor-widget elementor-widget-heading\" data-id=\"16d8f6b\" data-element_type=\"widget\" data-widget_type=\"heading.default\">\n\t\t\t\t<div class=\"elementor-widget-container\">\n\t\t\t\t\t<h2 class=\"elementor-heading-title elementor-size-default\">YAMAHA MT09 SP<\/h2>\t\t\t\t<\/div>\n\t\t\t\t<\/div>\n\t\t\t\t\t<\/div>\n\t\t<\/div>\n\t\t\t\t\t<\/div>\n\t\t<\/section>\n\t\t<div class=\"elementor-element elementor-element-bd64cb4 e-con-full e-flex e-con e-parent\" data-id=\"bd64cb4\" data-element_type=\"container\">\n\t\t<div class=\"elementor-element elementor-element-36e0786 e-con-full e-flex e-con e-child\" data-id=\"36e0786\" data-element_type=\"container\">\n\t\t\t\t<div class=\"elementor-element elementor-element-3a84016 elementor-hidden-tablet elementor-widget elementor-widget-image\" data-id=\"3a84016\" data-element_type=\"widget\" data-widget_type=\"image.default\">\n\t\t\t\t<div class=\"elementor-widget-container\">\n\t\t\t\t\t\t\t\t\t\t\t\t\t\t\t<img fetchpriority=\"high\" decoding=\"async\" width=\"640\" height=\"480\" src=\"https:\/\/almagromotos.com\/wp-content\/uploads\/2025\/10\/Disen\u0303o-sin-ti\u0301tulo-3-1.png\" class=\"attachment-large size-large wp-image-741\" alt=\"\" srcset=\"https:\/\/almagromotos.com\/wp-content\/uploads\/2025\/10\/Disen\u0303o-sin-ti\u0301tulo-3-1.png 640w, https:\/\/almagromotos.com\/wp-content\/uploads\/2025\/10\/Disen\u0303o-sin-ti\u0301tulo-3-1-300x225.png 300w, https:\/\/almagromotos.com\/wp-content\/uploads\/2025\/10\/Disen\u0303o-sin-ti\u0301tulo-3-1-16x12.png 16w\" sizes=\"(max-width: 640px) 100vw, 640px\" \/>\t\t\t\t\t\t\t\t\t\t\t\t\t\t\t<\/div>\n\t\t\t\t<\/div>\n\t\t\t\t<div class=\"elementor-element elementor-element-0a6a580 elementor-hidden-desktop elementor-hidden-mobile elementor-widget elementor-widget-image\" data-id=\"0a6a580\" data-element_type=\"widget\" data-widget_type=\"image.default\">\n\t\t\t\t<div class=\"elementor-widget-container\">\n\t\t\t\t\t\t\t\t\t\t\t\t\t\t\t<img decoding=\"async\" width=\"752\" height=\"1024\" src=\"https:\/\/almagromotos.com\/wp-content\/uploads\/2025\/10\/Captura-de-pantalla-2025-10-22-a-las-9.17.45-752x1024.png\" class=\"attachment-large size-large wp-image-743\" alt=\"\" srcset=\"https:\/\/almagromotos.com\/wp-content\/uploads\/2025\/10\/Captura-de-pantalla-2025-10-22-a-las-9.17.45-752x1024.png 752w, https:\/\/almagromotos.com\/wp-content\/uploads\/2025\/10\/Captura-de-pantalla-2025-10-22-a-las-9.17.45-220x300.png 220w, https:\/\/almagromotos.com\/wp-content\/uploads\/2025\/10\/Captura-de-pantalla-2025-10-22-a-las-9.17.45-768x1046.png 768w, https:\/\/almagromotos.com\/wp-content\/uploads\/2025\/10\/Captura-de-pantalla-2025-10-22-a-las-9.17.45-9x12.png 9w, https:\/\/almagromotos.com\/wp-content\/uploads\/2025\/10\/Captura-de-pantalla-2025-10-22-a-las-9.17.45.png 1111w\" sizes=\"(max-width: 752px) 100vw, 752px\" \/>\t\t\t\t\t\t\t\t\t\t\t\t\t\t\t<\/div>\n\t\t\t\t<\/div>\n\t\t\t\t<\/div>\n\t\t<div class=\"elementor-element elementor-element-dcb280a e-con-full e-flex e-con e-child\" data-id=\"dcb280a\" data-element_type=\"container\">\n\t\t\t\t<div class=\"elementor-element elementor-element-b0cd060 elementor-widget elementor-widget-heading\" data-id=\"b0cd060\" data-element_type=\"widget\" data-widget_type=\"heading.default\">\n\t\t\t\t<div class=\"elementor-widget-container\">\n\t\t\t\t\t<h2 class=\"elementor-heading-title elementor-size-default\">PRECIO: 10.890\u20ac<\/h2>\t\t\t\t<\/div>\n\t\t\t\t<\/div>\n\t\t\t\t<div class=\"elementor-element elementor-element-0139c4a elementor-widget elementor-widget-gallery\" data-id=\"0139c4a\" data-element_type=\"widget\" data-settings=\"{&quot;lazyload&quot;:&quot;yes&quot;,&quot;gallery_layout&quot;:&quot;grid&quot;,&quot;columns&quot;:4,&quot;columns_tablet&quot;:2,&quot;columns_mobile&quot;:1,&quot;gap&quot;:{&quot;unit&quot;:&quot;px&quot;,&quot;size&quot;:10,&quot;sizes&quot;:[]},&quot;gap_tablet&quot;:{&quot;unit&quot;:&quot;px&quot;,&quot;size&quot;:10,&quot;sizes&quot;:[]},&quot;gap_mobile&quot;:{&quot;unit&quot;:&quot;px&quot;,&quot;size&quot;:10,&quot;sizes&quot;:[]},&quot;link_to&quot;:&quot;file&quot;,&quot;aspect_ratio&quot;:&quot;3:2&quot;,&quot;overlay_background&quot;:&quot;yes&quot;,&quot;content_hover_animation&quot;:&quot;fade-in&quot;}\" data-widget_type=\"gallery.default\">\n\t\t\t\t<div class=\"elementor-widget-container\">\n\t\t\t\t\t\t\t<div class=\"elementor-gallery__container\">\n\t\t\t\t\t\t\t<a class=\"e-gallery-item elementor-gallery-item elementor-animated-content\" href=\"https:\/\/almagromotos.com\/wp-content\/uploads\/2025\/10\/Captura-de-pantalla-2025-10-22-a-las-9.08.23.png\" data-elementor-open-lightbox=\"yes\" data-elementor-lightbox-slideshow=\"0139c4a\" data-elementor-lightbox-title=\"Captura de pantalla 2025-10-22 a las 9.08.23\" data-e-action-hash=\"#elementor-action%3Aaction%3Dlightbox%26settings%3DeyJpZCI6NzQyLCJ1cmwiOiJodHRwczpcL1wvYWxtYWdyb21vdG9zLmNvbVwvd3AtY29udGVudFwvdXBsb2Fkc1wvMjAyNVwvMTBcL0NhcHR1cmEtZGUtcGFudGFsbGEtMjAyNS0xMC0yMi1hLWxhcy05LjA4LjIzLnBuZyIsInNsaWRlc2hvdyI6IjAxMzljNGEifQ%3D%3D\">\n\t\t\t\t\t<div class=\"e-gallery-image elementor-gallery-item__image\" data-thumbnail=\"https:\/\/almagromotos.com\/wp-content\/uploads\/2025\/10\/Captura-de-pantalla-2025-10-22-a-las-9.08.23-220x300.png\" data-width=\"220\" data-height=\"300\" aria-label=\"\" role=\"img\" ><\/div>\n\t\t\t\t\t\t\t\t\t\t\t<div class=\"elementor-gallery-item__overlay\"><\/div>\n\t\t\t\t\t\t\t\t\t\t\t\t\t\t<\/a>\n\t\t\t\t\t\t\t<a class=\"e-gallery-item elementor-gallery-item elementor-animated-content\" href=\"https:\/\/almagromotos.com\/wp-content\/uploads\/2025\/10\/Captura-de-pantalla-2025-10-22-a-las-9.17.45.png\" data-elementor-open-lightbox=\"yes\" data-elementor-lightbox-slideshow=\"0139c4a\" data-elementor-lightbox-title=\"Captura de pantalla 2025-10-22 a las 9.17.45\" data-e-action-hash=\"#elementor-action%3Aaction%3Dlightbox%26settings%3DeyJpZCI6NzQzLCJ1cmwiOiJodHRwczpcL1wvYWxtYWdyb21vdG9zLmNvbVwvd3AtY29udGVudFwvdXBsb2Fkc1wvMjAyNVwvMTBcL0NhcHR1cmEtZGUtcGFudGFsbGEtMjAyNS0xMC0yMi1hLWxhcy05LjE3LjQ1LnBuZyIsInNsaWRlc2hvdyI6IjAxMzljNGEifQ%3D%3D\">\n\t\t\t\t\t<div class=\"e-gallery-image elementor-gallery-item__image\" data-thumbnail=\"https:\/\/almagromotos.com\/wp-content\/uploads\/2025\/10\/Captura-de-pantalla-2025-10-22-a-las-9.17.45-220x300.png\" data-width=\"220\" data-height=\"300\" aria-label=\"\" role=\"img\" ><\/div>\n\t\t\t\t\t\t\t\t\t\t\t<div class=\"elementor-gallery-item__overlay\"><\/div>\n\t\t\t\t\t\t\t\t\t\t\t\t\t\t<\/a>\n\t\t\t\t\t\t\t<a class=\"e-gallery-item elementor-gallery-item elementor-animated-content\" href=\"https:\/\/almagromotos.com\/wp-content\/uploads\/2025\/10\/Captura-de-pantalla-2025-10-22-a-las-9.18.17.png\" data-elementor-open-lightbox=\"yes\" data-elementor-lightbox-slideshow=\"0139c4a\" data-elementor-lightbox-title=\"Captura de pantalla 2025-10-22 a las 9.18.17\" data-e-action-hash=\"#elementor-action%3Aaction%3Dlightbox%26settings%3DeyJpZCI6NzQ0LCJ1cmwiOiJodHRwczpcL1wvYWxtYWdyb21vdG9zLmNvbVwvd3AtY29udGVudFwvdXBsb2Fkc1wvMjAyNVwvMTBcL0NhcHR1cmEtZGUtcGFudGFsbGEtMjAyNS0xMC0yMi1hLWxhcy05LjE4LjE3LnBuZyIsInNsaWRlc2hvdyI6IjAxMzljNGEifQ%3D%3D\">\n\t\t\t\t\t<div class=\"e-gallery-image elementor-gallery-item__image\" data-thumbnail=\"https:\/\/almagromotos.com\/wp-content\/uploads\/2025\/10\/Captura-de-pantalla-2025-10-22-a-las-9.18.17-220x300.png\" data-width=\"220\" data-height=\"300\" aria-label=\"\" role=\"img\" ><\/div>\n\t\t\t\t\t\t\t\t\t\t\t<div class=\"elementor-gallery-item__overlay\"><\/div>\n\t\t\t\t\t\t\t\t\t\t\t\t\t\t<\/a>\n\t\t\t\t\t\t\t<a class=\"e-gallery-item elementor-gallery-item elementor-animated-content\" href=\"https:\/\/almagromotos.com\/wp-content\/uploads\/2025\/10\/Captura-de-pantalla-2025-10-22-a-las-9.23.44.png\" data-elementor-open-lightbox=\"yes\" data-elementor-lightbox-slideshow=\"0139c4a\" data-elementor-lightbox-title=\"Captura de pantalla 2025-10-22 a las 9.23.44\" data-e-action-hash=\"#elementor-action%3Aaction%3Dlightbox%26settings%3DeyJpZCI6NzQ1LCJ1cmwiOiJodHRwczpcL1wvYWxtYWdyb21vdG9zLmNvbVwvd3AtY29udGVudFwvdXBsb2Fkc1wvMjAyNVwvMTBcL0NhcHR1cmEtZGUtcGFudGFsbGEtMjAyNS0xMC0yMi1hLWxhcy05LjIzLjQ0LnBuZyIsInNsaWRlc2hvdyI6IjAxMzljNGEifQ%3D%3D\">\n\t\t\t\t\t<div class=\"e-gallery-image elementor-gallery-item__image\" data-thumbnail=\"https:\/\/almagromotos.com\/wp-content\/uploads\/2025\/10\/Captura-de-pantalla-2025-10-22-a-las-9.23.44-219x300.png\" data-width=\"219\" data-height=\"300\" aria-label=\"\" role=\"img\" ><\/div>\n\t\t\t\t\t\t\t\t\t\t\t<div class=\"elementor-gallery-item__overlay\"><\/div>\n\t\t\t\t\t\t\t\t\t\t\t\t\t\t<\/a>\n\t\t\t\t\t\t\t<a class=\"e-gallery-item elementor-gallery-item elementor-animated-content\" href=\"https:\/\/almagromotos.com\/wp-content\/uploads\/2025\/10\/Captura-de-pantalla-2025-10-22-a-las-9.24.06.png\" data-elementor-open-lightbox=\"yes\" data-elementor-lightbox-slideshow=\"0139c4a\" data-elementor-lightbox-title=\"Captura de pantalla 2025-10-22 a las 9.24.06\" data-e-action-hash=\"#elementor-action%3Aaction%3Dlightbox%26settings%3DeyJpZCI6NzQ2LCJ1cmwiOiJodHRwczpcL1wvYWxtYWdyb21vdG9zLmNvbVwvd3AtY29udGVudFwvdXBsb2Fkc1wvMjAyNVwvMTBcL0NhcHR1cmEtZGUtcGFudGFsbGEtMjAyNS0xMC0yMi1hLWxhcy05LjI0LjA2LnBuZyIsInNsaWRlc2hvdyI6IjAxMzljNGEifQ%3D%3D\">\n\t\t\t\t\t<div class=\"e-gallery-image elementor-gallery-item__image\" data-thumbnail=\"https:\/\/almagromotos.com\/wp-content\/uploads\/2025\/10\/Captura-de-pantalla-2025-10-22-a-las-9.24.06-219x300.png\" data-width=\"219\" data-height=\"300\" aria-label=\"\" role=\"img\" ><\/div>\n\t\t\t\t\t\t\t\t\t\t\t<div class=\"elementor-gallery-item__overlay\"><\/div>\n\t\t\t\t\t\t\t\t\t\t\t\t\t\t<\/a>\n\t\t\t\t\t\t\t<a class=\"e-gallery-item elementor-gallery-item elementor-animated-content\" href=\"https:\/\/almagromotos.com\/wp-content\/uploads\/2025\/10\/Captura-de-pantalla-2025-10-22-a-las-9.24.26.png\" data-elementor-open-lightbox=\"yes\" data-elementor-lightbox-slideshow=\"0139c4a\" data-elementor-lightbox-title=\"Captura de pantalla 2025-10-22 a las 9.24.26\" data-e-action-hash=\"#elementor-action%3Aaction%3Dlightbox%26settings%3DeyJpZCI6NzQ3LCJ1cmwiOiJodHRwczpcL1wvYWxtYWdyb21vdG9zLmNvbVwvd3AtY29udGVudFwvdXBsb2Fkc1wvMjAyNVwvMTBcL0NhcHR1cmEtZGUtcGFudGFsbGEtMjAyNS0xMC0yMi1hLWxhcy05LjI0LjI2LnBuZyIsInNsaWRlc2hvdyI6IjAxMzljNGEifQ%3D%3D\">\n\t\t\t\t\t<div class=\"e-gallery-image elementor-gallery-item__image\" data-thumbnail=\"https:\/\/almagromotos.com\/wp-content\/uploads\/2025\/10\/Captura-de-pantalla-2025-10-22-a-las-9.24.26-222x300.png\" data-width=\"222\" data-height=\"300\" aria-label=\"\" role=\"img\" ><\/div>\n\t\t\t\t\t\t\t\t\t\t\t<div class=\"elementor-gallery-item__overlay\"><\/div>\n\t\t\t\t\t\t\t\t\t\t\t\t\t\t<\/a>\n\t\t\t\t\t\t\t<a class=\"e-gallery-item elementor-gallery-item elementor-animated-content\" href=\"https:\/\/almagromotos.com\/wp-content\/uploads\/2025\/10\/Captura-de-pantalla-2025-10-22-a-las-9.24.51.png\" data-elementor-open-lightbox=\"yes\" data-elementor-lightbox-slideshow=\"0139c4a\" data-elementor-lightbox-title=\"Captura de pantalla 2025-10-22 a las 9.24.51\" data-e-action-hash=\"#elementor-action%3Aaction%3Dlightbox%26settings%3DeyJpZCI6NzQ4LCJ1cmwiOiJodHRwczpcL1wvYWxtYWdyb21vdG9zLmNvbVwvd3AtY29udGVudFwvdXBsb2Fkc1wvMjAyNVwvMTBcL0NhcHR1cmEtZGUtcGFudGFsbGEtMjAyNS0xMC0yMi1hLWxhcy05LjI0LjUxLnBuZyIsInNsaWRlc2hvdyI6IjAxMzljNGEifQ%3D%3D\">\n\t\t\t\t\t<div class=\"e-gallery-image elementor-gallery-item__image\" data-thumbnail=\"https:\/\/almagromotos.com\/wp-content\/uploads\/2025\/10\/Captura-de-pantalla-2025-10-22-a-las-9.24.51-223x300.png\" data-width=\"223\" data-height=\"300\" aria-label=\"\" role=\"img\" ><\/div>\n\t\t\t\t\t\t\t\t\t\t\t<div class=\"elementor-gallery-item__overlay\"><\/div>\n\t\t\t\t\t\t\t\t\t\t\t\t\t\t<\/a>\n\t\t\t\t\t\t\t<a class=\"e-gallery-item elementor-gallery-item elementor-animated-content\" href=\"https:\/\/almagromotos.com\/wp-content\/uploads\/2025\/10\/Captura-de-pantalla-2025-10-22-a-las-9.25.17.png\" data-elementor-open-lightbox=\"yes\" data-elementor-lightbox-slideshow=\"0139c4a\" data-elementor-lightbox-title=\"Captura de pantalla 2025-10-22 a las 9.25.17\" data-e-action-hash=\"#elementor-action%3Aaction%3Dlightbox%26settings%3DeyJpZCI6NzQ5LCJ1cmwiOiJodHRwczpcL1wvYWxtYWdyb21vdG9zLmNvbVwvd3AtY29udGVudFwvdXBsb2Fkc1wvMjAyNVwvMTBcL0NhcHR1cmEtZGUtcGFudGFsbGEtMjAyNS0xMC0yMi1hLWxhcy05LjI1LjE3LnBuZyIsInNsaWRlc2hvdyI6IjAxMzljNGEifQ%3D%3D\">\n\t\t\t\t\t<div class=\"e-gallery-image elementor-gallery-item__image\" data-thumbnail=\"https:\/\/almagromotos.com\/wp-content\/uploads\/2025\/10\/Captura-de-pantalla-2025-10-22-a-las-9.25.17-222x300.png\" data-width=\"222\" data-height=\"300\" aria-label=\"\" role=\"img\" ><\/div>\n\t\t\t\t\t\t\t\t\t\t\t<div class=\"elementor-gallery-item__overlay\"><\/div>\n\t\t\t\t\t\t\t\t\t\t\t\t\t\t<\/a>\n\t\t\t\t\t\t\t<a class=\"e-gallery-item elementor-gallery-item elementor-animated-content\" href=\"https:\/\/almagromotos.com\/wp-content\/uploads\/2025\/10\/Captura-de-pantalla-2025-10-22-a-las-9.25.42.png\" data-elementor-open-lightbox=\"yes\" data-elementor-lightbox-slideshow=\"0139c4a\" data-elementor-lightbox-title=\"Captura de pantalla 2025-10-22 a las 9.25.42\" data-e-action-hash=\"#elementor-action%3Aaction%3Dlightbox%26settings%3DeyJpZCI6NzUwLCJ1cmwiOiJodHRwczpcL1wvYWxtYWdyb21vdG9zLmNvbVwvd3AtY29udGVudFwvdXBsb2Fkc1wvMjAyNVwvMTBcL0NhcHR1cmEtZGUtcGFudGFsbGEtMjAyNS0xMC0yMi1hLWxhcy05LjI1LjQyLnBuZyIsInNsaWRlc2hvdyI6IjAxMzljNGEifQ%3D%3D\">\n\t\t\t\t\t<div class=\"e-gallery-image elementor-gallery-item__image\" data-thumbnail=\"https:\/\/almagromotos.com\/wp-content\/uploads\/2025\/10\/Captura-de-pantalla-2025-10-22-a-las-9.25.42-224x300.png\" data-width=\"224\" data-height=\"300\" aria-label=\"\" role=\"img\" ><\/div>\n\t\t\t\t\t\t\t\t\t\t\t<div class=\"elementor-gallery-item__overlay\"><\/div>\n\t\t\t\t\t\t\t\t\t\t\t\t\t\t<\/a>\n\t\t\t\t\t<\/div>\n\t\t\t\t\t<\/div>\n\t\t\t\t<\/div>\n\t\t\t\t<div class=\"elementor-element elementor-element-fcc03bf elementor-align-justify elementor-widget elementor-widget-button\" data-id=\"fcc03bf\" data-element_type=\"widget\" data-widget_type=\"button.default\">\n\t\t\t\t<div class=\"elementor-widget-container\">\n\t\t\t\t\t\t\t\t\t<div class=\"elementor-button-wrapper\">\n\t\t\t\t\t<a class=\"elementor-button elementor-button-link elementor-size-sm\" href=\"tel:%20685059414\">\n\t\t\t\t\t\t<span class=\"elementor-button-content-wrapper\">\n\t\t\t\t\t\t<span class=\"elementor-button-icon\">\n\t\t\t\t<i aria-hidden=\"true\" class=\"icon icon-phone-call1\"><\/i>\t\t\t<\/span>\n\t\t\t\t\t\t\t\t\t<span class=\"elementor-button-text\">685059414<\/span>\n\t\t\t\t\t<\/span>\n\t\t\t\t\t<\/a>\n\t\t\t\t<\/div>\n\t\t\t\t\t\t\t\t<\/div>\n\t\t\t\t<\/div>\n\t\t\t\t<\/div>\n\t\t\t\t<\/div>\n\t\t<div class=\"elementor-element elementor-element-e30fda5 e-con-full e-flex e-con e-parent\" data-id=\"e30fda5\" data-element_type=\"container\">\n\t\t\t\t<div class=\"elementor-element elementor-element-0c2b20e elementor-widget elementor-widget-heading\" data-id=\"0c2b20e\" data-element_type=\"widget\" data-widget_type=\"heading.default\">\n\t\t\t\t<div class=\"elementor-widget-container\">\n\t\t\t\t\t<h2 class=\"elementor-heading-title elementor-size-default\">Detalles del producto<\/h2>\t\t\t\t<\/div>\n\t\t\t\t<\/div>\n\t\t\t\t<div class=\"elementor-element elementor-element-849b25c elementor-widget elementor-widget-text-editor\" data-id=\"849b25c\" data-element_type=\"widget\" data-widget_type=\"text-editor.default\">\n\t\t\t\t<div class=\"elementor-widget-container\">\n\t\t\t\t\t\t\t\t\t<p>Motocicleta Yamaha MT09 SP.<\/p><p>Es la versi\u00f3n A2 pero est\u00e1 deslimitada tanto de motor como en papeles, es decir entrega 96cv. (Posibilidad de limitar)<\/p><p>2023 y 13.000 Kms<\/p><p>Garant\u00eda oficial hasta 2028.<\/p><p>Escape completo, portamatriculas, manetas regulables, espejos&#8230;.<\/p><p>Se entregan tambi\u00e9n los accesorios originales.<\/p><p>&#8211; Dise\u00f1o deportivo y agresivo.<\/p><p>&#8211; Asiento c\u00f3modo para el piloto.<\/p><p>&#8211; Ruedas de aleaci\u00f3n con detalles en azul.<\/p><p>&#8211; Suspensi\u00f3n delantera dorada.<\/p>\t\t\t\t\t\t\t\t<\/div>\n\t\t\t\t<\/div>\n\t\t\t\t<\/div>\n\t\t\t\t<\/div>","protected":false},"excerpt":{"rendered":"<p>YAMAHA MT09 SP PRECIO: 10.890\u20ac 685059414 Detalles del producto Motocicleta Yamaha MT09 SP. Es la versi\u00f3n A2 pero est\u00e1 deslimitada tanto de motor como en papeles, es decir entrega 96cv. (Posibilidad de limitar) 2023 y 13.000 Kms Garant\u00eda oficial hasta 2028. Escape completo, portamatriculas, manetas regulables, espejos&#8230;. Se entregan tambi\u00e9n los accesorios originales. &#8211; Dise\u00f1o [&hellip;]<\/p>","protected":false},"author":1,"featured_media":0,"parent":0,"menu_order":0,"comment_status":"closed","ping_status":"closed","template":"elementor_canvas","meta":{"footnotes":""},"class_list":["post-739","page","type-page","status-publish","hentry"],"yoast_head":"<!-- This site is optimized with the Yoast SEO plugin v24.9 - https:\/\/yoast.com\/wordpress\/plugins\/seo\/ -->\n<title>YAMAHA MT09 SP - Almagro Motos<\/title>\n<meta name=\"robots\" content=\"index, follow, max-snippet:-1, max-image-preview:large, max-video-preview:-1\" \/>\n<link rel=\"canonical\" href=\"https:\/\/almagromotos.com\/eu\/yamaha-mt09-sp\/\" \/>\n<meta property=\"og:locale\" content=\"en_US\" \/>\n<meta property=\"og:type\" content=\"article\" \/>\n<meta property=\"og:title\" content=\"YAMAHA MT09 SP - Almagro Motos\" \/>\n<meta property=\"og:description\" content=\"YAMAHA MT09 SP PRECIO: 10.890\u20ac 685059414 Detalles del producto Motocicleta Yamaha MT09 SP. Es la versi\u00f3n A2 pero est\u00e1 deslimitada tanto de motor como en papeles, es decir entrega 96cv. (Posibilidad de limitar) 2023 y 13.000 Kms Garant\u00eda oficial hasta 2028. Escape completo, portamatriculas, manetas regulables, espejos&#8230;. Se entregan tambi\u00e9n los accesorios originales. &#8211; Dise\u00f1o [&hellip;]\" \/>\n<meta property=\"og:url\" content=\"https:\/\/almagromotos.com\/eu\/yamaha-mt09-sp\/\" \/>\n<meta property=\"og:site_name\" content=\"Almagro Motos\" \/>\n<meta property=\"article:modified_time\" content=\"2025-10-22T07:37:50+00:00\" \/>\n<meta property=\"og:image\" content=\"https:\/\/almagromotos.com\/wp-content\/uploads\/2025\/10\/Captura-de-pantalla-2025-10-22-a-las-9.17.45-752x1024.png\" \/>\n<meta name=\"twitter:card\" content=\"summary_large_image\" \/>\n<meta name=\"twitter:label1\" content=\"Est. reading time\" \/>\n\t<meta name=\"twitter:data1\" content=\"1 minutua\" \/>\n<script type=\"application\/ld+json\" class=\"yoast-schema-graph\">{\"@context\":\"https:\/\/schema.org\",\"@graph\":[{\"@type\":\"WebPage\",\"@id\":\"https:\/\/almagromotos.com\/yamaha-mt09-sp\/\",\"url\":\"https:\/\/almagromotos.com\/yamaha-mt09-sp\/\",\"name\":\"YAMAHA MT09 SP - Almagro Motos\",\"isPartOf\":{\"@id\":\"https:\/\/almagromotos.com\/#website\"},\"primaryImageOfPage\":{\"@id\":\"https:\/\/almagromotos.com\/yamaha-mt09-sp\/#primaryimage\"},\"image\":{\"@id\":\"https:\/\/almagromotos.com\/yamaha-mt09-sp\/#primaryimage\"},\"thumbnailUrl\":\"https:\/\/almagromotos.com\/wp-content\/uploads\/2025\/10\/Captura-de-pantalla-2025-10-22-a-las-9.17.45-752x1024.png\",\"datePublished\":\"2025-10-22T07:32:38+00:00\",\"dateModified\":\"2025-10-22T07:37:50+00:00\",\"breadcrumb\":{\"@id\":\"https:\/\/almagromotos.com\/yamaha-mt09-sp\/#breadcrumb\"},\"inLanguage\":\"eu\",\"potentialAction\":[{\"@type\":\"ReadAction\",\"target\":[\"https:\/\/almagromotos.com\/yamaha-mt09-sp\/\"]}]},{\"@type\":\"ImageObject\",\"inLanguage\":\"eu\",\"@id\":\"https:\/\/almagromotos.com\/yamaha-mt09-sp\/#primaryimage\",\"url\":\"https:\/\/almagromotos.com\/wp-content\/uploads\/2025\/10\/Captura-de-pantalla-2025-10-22-a-las-9.17.45-752x1024.png\",\"contentUrl\":\"https:\/\/almagromotos.com\/wp-content\/uploads\/2025\/10\/Captura-de-pantalla-2025-10-22-a-las-9.17.45-752x1024.png\"},{\"@type\":\"BreadcrumbList\",\"@id\":\"https:\/\/almagromotos.com\/yamaha-mt09-sp\/#breadcrumb\",\"itemListElement\":[{\"@type\":\"ListItem\",\"position\":1,\"name\":\"Portada\",\"item\":\"https:\/\/almagromotos.com\/\"},{\"@type\":\"ListItem\",\"position\":2,\"name\":\"YAMAHA MT09 SP\"}]},{\"@type\":\"WebSite\",\"@id\":\"https:\/\/almagromotos.com\/#website\",\"url\":\"https:\/\/almagromotos.com\/\",\"name\":\"Almagro Motos\",\"description\":\"\",\"publisher\":{\"@id\":\"https:\/\/almagromotos.com\/#organization\"},\"potentialAction\":[{\"@type\":\"SearchAction\",\"target\":{\"@type\":\"EntryPoint\",\"urlTemplate\":\"https:\/\/almagromotos.com\/?s={search_term_string}\"},\"query-input\":{\"@type\":\"PropertyValueSpecification\",\"valueRequired\":true,\"valueName\":\"search_term_string\"}}],\"inLanguage\":\"eu\"},{\"@type\":\"Organization\",\"@id\":\"https:\/\/almagromotos.com\/#organization\",\"name\":\"Almagro Motos\",\"url\":\"https:\/\/almagromotos.com\/\",\"logo\":{\"@type\":\"ImageObject\",\"inLanguage\":\"eu\",\"@id\":\"https:\/\/almagromotos.com\/#\/schema\/logo\/image\/\",\"url\":\"https:\/\/almagromotos.com\/wp-content\/uploads\/2023\/10\/cropped-cropped-logo-1.png\",\"contentUrl\":\"https:\/\/almagromotos.com\/wp-content\/uploads\/2023\/10\/cropped-cropped-logo-1.png\",\"width\":512,\"height\":512,\"caption\":\"Almagro Motos\"},\"image\":{\"@id\":\"https:\/\/almagromotos.com\/#\/schema\/logo\/image\/\"}}]}<\/script>\n<!-- \/ Yoast SEO plugin. -->","yoast_head_json":{"title":"YAMAHA MT09 SP - Almagro Motos","robots":{"index":"index","follow":"follow","max-snippet":"max-snippet:-1","max-image-preview":"max-image-preview:large","max-video-preview":"max-video-preview:-1"},"canonical":"https:\/\/almagromotos.com\/eu\/yamaha-mt09-sp\/","og_locale":"en_US","og_type":"article","og_title":"YAMAHA MT09 SP - Almagro Motos","og_description":"YAMAHA MT09 SP PRECIO: 10.890\u20ac 685059414 Detalles del producto Motocicleta Yamaha MT09 SP. Es la versi\u00f3n A2 pero est\u00e1 deslimitada tanto de motor como en papeles, es decir entrega 96cv. (Posibilidad de limitar) 2023 y 13.000 Kms Garant\u00eda oficial hasta 2028. Escape completo, portamatriculas, manetas regulables, espejos&#8230;. Se entregan tambi\u00e9n los accesorios originales. &#8211; Dise\u00f1o [&hellip;]","og_url":"https:\/\/almagromotos.com\/eu\/yamaha-mt09-sp\/","og_site_name":"Almagro Motos","article_modified_time":"2025-10-22T07:37:50+00:00","og_image":[{"url":"https:\/\/almagromotos.com\/wp-content\/uploads\/2025\/10\/Captura-de-pantalla-2025-10-22-a-las-9.17.45-752x1024.png","type":"","width":"","height":""}],"twitter_card":"summary_large_image","twitter_misc":{"Est. reading time":"1 minutua"},"schema":{"@context":"https:\/\/schema.org","@graph":[{"@type":"WebPage","@id":"https:\/\/almagromotos.com\/yamaha-mt09-sp\/","url":"https:\/\/almagromotos.com\/yamaha-mt09-sp\/","name":"YAMAHA MT09 SP - Almagro Motos","isPartOf":{"@id":"https:\/\/almagromotos.com\/#website"},"primaryImageOfPage":{"@id":"https:\/\/almagromotos.com\/yamaha-mt09-sp\/#primaryimage"},"image":{"@id":"https:\/\/almagromotos.com\/yamaha-mt09-sp\/#primaryimage"},"thumbnailUrl":"https:\/\/almagromotos.com\/wp-content\/uploads\/2025\/10\/Captura-de-pantalla-2025-10-22-a-las-9.17.45-752x1024.png","datePublished":"2025-10-22T07:32:38+00:00","dateModified":"2025-10-22T07:37:50+00:00","breadcrumb":{"@id":"https:\/\/almagromotos.com\/yamaha-mt09-sp\/#breadcrumb"},"inLanguage":"eu","potentialAction":[{"@type":"ReadAction","target":["https:\/\/almagromotos.com\/yamaha-mt09-sp\/"]}]},{"@type":"ImageObject","inLanguage":"eu","@id":"https:\/\/almagromotos.com\/yamaha-mt09-sp\/#primaryimage","url":"https:\/\/almagromotos.com\/wp-content\/uploads\/2025\/10\/Captura-de-pantalla-2025-10-22-a-las-9.17.45-752x1024.png","contentUrl":"https:\/\/almagromotos.com\/wp-content\/uploads\/2025\/10\/Captura-de-pantalla-2025-10-22-a-las-9.17.45-752x1024.png"},{"@type":"BreadcrumbList","@id":"https:\/\/almagromotos.com\/yamaha-mt09-sp\/#breadcrumb","itemListElement":[{"@type":"ListItem","position":1,"name":"Portada","item":"https:\/\/almagromotos.com\/"},{"@type":"ListItem","position":2,"name":"YAMAHA MT09 SP"}]},{"@type":"WebSite","@id":"https:\/\/almagromotos.com\/#website","url":"https:\/\/almagromotos.com\/","name":"Almagro Motos","description":"","publisher":{"@id":"https:\/\/almagromotos.com\/#organization"},"potentialAction":[{"@type":"SearchAction","target":{"@type":"EntryPoint","urlTemplate":"https:\/\/almagromotos.com\/?s={search_term_string}"},"query-input":{"@type":"PropertyValueSpecification","valueRequired":true,"valueName":"search_term_string"}}],"inLanguage":"eu"},{"@type":"Organization","@id":"https:\/\/almagromotos.com\/#organization","name":"Almagro Motos","url":"https:\/\/almagromotos.com\/","logo":{"@type":"ImageObject","inLanguage":"eu","@id":"https:\/\/almagromotos.com\/#\/schema\/logo\/image\/","url":"https:\/\/almagromotos.com\/wp-content\/uploads\/2023\/10\/cropped-cropped-logo-1.png","contentUrl":"https:\/\/almagromotos.com\/wp-content\/uploads\/2023\/10\/cropped-cropped-logo-1.png","width":512,"height":512,"caption":"Almagro Motos"},"image":{"@id":"https:\/\/almagromotos.com\/#\/schema\/logo\/image\/"}}]}},"_links":{"self":[{"href":"https:\/\/almagromotos.com\/eu\/wp-json\/wp\/v2\/pages\/739","targetHints":{"allow":["GET"]}}],"collection":[{"href":"https:\/\/almagromotos.com\/eu\/wp-json\/wp\/v2\/pages"}],"about":[{"href":"https:\/\/almagromotos.com\/eu\/wp-json\/wp\/v2\/types\/page"}],"author":[{"embeddable":true,"href":"https:\/\/almagromotos.com\/eu\/wp-json\/wp\/v2\/users\/1"}],"replies":[{"embeddable":true,"href":"https:\/\/almagromotos.com\/eu\/wp-json\/wp\/v2\/comments?post=739"}],"version-history":[{"count":7,"href":"https:\/\/almagromotos.com\/eu\/wp-json\/wp\/v2\/pages\/739\/revisions"}],"predecessor-version":[{"id":756,"href":"https:\/\/almagromotos.com\/eu\/wp-json\/wp\/v2\/pages\/739\/revisions\/756"}],"wp:attachment":[{"href":"https:\/\/almagromotos.com\/eu\/wp-json\/wp\/v2\/media?parent=739"}],"curies":[{"name":"wp","href":"https:\/\/api.w.org\/{rel}","templated":true}]}}